{"id":778,"date":"2023-10-18T16:37:31","date_gmt":"2023-10-18T13:37:31","guid":{"rendered":"https:\/\/kormetal.com\/?page_id=778"},"modified":"2023-10-19T12:26:01","modified_gmt":"2023-10-19T09:26:01","slug":"nokian-tyres","status":"publish","type":"page","link":"https:\/\/kormetal.com\/en\/nokian-tyres\/","title":{"rendered":"Gizlilik Politikalar\u0131"},"content":{"rendered":"<div data-elementor-type=\"wp-page\" data-elementor-id=\"778\" class=\"elementor elementor-778\" data-elementor-settings=\"[]\">\n\t\t\t<div class=\"elementor-inner\">\n\t\t\t\t<div class=\"elementor-section-wrap\">\n\t\t\t\t\t\t\t<section data-particle_enable=\"false\" data-particle-mobile-disabled=\"false\" class=\"elementor-element elementor-element-7a841260 elementor-section-full_width elementor-section-height-min-height elementor-section-stretched elementor-section-height-default elementor-section-items-middle elementor-section elementor-top-section\" data-id=\"7a841260\" data-element_type=\"section\" data-settings=\"{&quot;background_background&quot;:&quot;classic&quot;,&quot;stretch_section&quot;:&quot;section-stretched&quot;}\">\n\t\t\t\t\t\t\t<div class=\"elementor-background-overlay\"><\/div>\n\t\t\t\t\t\t\t<div class=\"elementor-container elementor-column-gap-default\">\n\t\t\t\t<div class=\"elementor-row\">\n\t\t\t\t<div class=\"elementor-element elementor-element-3f96fa45 elementor-column elementor-col-100 elementor-top-column\" data-id=\"3f96fa45\" data-element_type=\"column\">\n\t\t\t<div class=\"elementor-column-wrap  elementor-element-populated\">\n\t\t\t\t\t<div class=\"elementor-widget-wrap\">\n\t\t\t\t<div class=\"elementor-element elementor-element-53c5feb5 elementor-invisible elementor-widget elementor-widget-heading\" data-id=\"53c5feb5\" data-element_type=\"widget\" data-settings=\"{&quot;_animation&quot;:&quot;fadeInUp&quot;}\" data-widget_type=\"heading.default\">\n\t\t\t\t<div class=\"elementor-widget-container\">\n\t\t\t<h2 class=\"elementor-heading-title elementor-size-xxl\">KI\u015e \u0130\u00c7\u0130N <span style=\"color: #e30613;\">DO\u011eDU<\/span><\/h2>\t\t<\/div>\n\t\t\t\t<\/div>\n\t\t\t\t\t\t<\/div>\n\t\t\t<\/div>\n\t\t<\/div>\n\t\t\t\t\t\t<\/div>\n\t\t\t<\/div>\n\t\t<\/section>\n\t\t\t\t<section data-particle_enable=\"false\" data-particle-mobile-disabled=\"false\" class=\"elementor-element elementor-element-59072e46 elementor-section-full_width elementor-section-stretched elementor-section-height-default elementor-section-height-default elementor-section elementor-top-section\" data-id=\"59072e46\" data-element_type=\"section\" data-settings=\"{&quot;stretch_section&quot;:&quot;section-stretched&quot;}\">\n\t\t\t\t\t\t<div class=\"elementor-container elementor-column-gap-default\">\n\t\t\t\t<div class=\"elementor-row\">\n\t\t\t\t<div class=\"elementor-element elementor-element-7bf8337b elementor-column elementor-col-100 elementor-top-column\" data-id=\"7bf8337b\" data-element_type=\"column\">\n\t\t\t<div class=\"elementor-column-wrap  elementor-element-populated\">\n\t\t\t\t\t<div class=\"elementor-widget-wrap\">\n\t\t\t\t<div class=\"elementor-element elementor-element-2e5e579c elementor-widget elementor-widget-spacer\" data-id=\"2e5e579c\" data-element_type=\"widget\" data-widget_type=\"spacer.default\">\n\t\t\t\t<div class=\"elementor-widget-container\">\n\t\t\t\t\t<div class=\"elementor-spacer\">\n\t\t\t<div class=\"elementor-spacer-inner\"><\/div>\n\t\t<\/div>\n\t\t\t\t<\/div>\n\t\t\t\t<\/div>\n\t\t\t\t<section data-particle_enable=\"false\" data-particle-mobile-disabled=\"false\" class=\"elementor-element elementor-element-69d3d120 elementor-section-boxed elementor-section-height-default elementor-section-height-default elementor-section elementor-inner-section\" data-id=\"69d3d120\" data-element_type=\"section\">\n\t\t\t\t\t\t<div class=\"elementor-container elementor-column-gap-default\">\n\t\t\t\t<div class=\"elementor-row\">\n\t\t\t\t<div class=\"elementor-element elementor-element-1b667e0b elementor-column elementor-col-100 elementor-inner-column\" data-id=\"1b667e0b\" data-element_type=\"column\">\n\t\t\t<div class=\"elementor-column-wrap  elementor-element-populated\">\n\t\t\t\t\t<div class=\"elementor-widget-wrap\">\n\t\t\t\t<div class=\"elementor-element elementor-element-cc693d4 elementor-invisible elementor-widget elementor-widget-heading\" data-id=\"cc693d4\" data-element_type=\"widget\" data-settings=\"{&quot;_animation&quot;:&quot;fadeInUp&quot;}\" data-widget_type=\"heading.default\">\n\t\t\t\t<div class=\"elementor-widget-container\">\n\t\t\t<h2 class=\"elementor-heading-title elementor-size-xxl\"><a href=\"https:\/\/www.nokiantyres.com\/turkey\/\" target=\"_blank\">Nokian <span style=\"color: #e30613;\">Tyres<\/span>\n<\/a><\/h2>\t\t<\/div>\n\t\t\t\t<\/div>\n\t\t\t\t<div class=\"elementor-element elementor-element-9fc515d animated-slow elementor-invisible elementor-widget elementor-widget-divider\" data-id=\"9fc515d\" data-element_type=\"widget\" data-settings=\"{&quot;_animation&quot;:&quot;fadeInUp&quot;,&quot;_animation_delay&quot;:300}\" data-widget_type=\"divider.default\">\n\t\t\t\t<div class=\"elementor-widget-container\">\n\t\t\t\t\t<div class=\"elementor-divider\">\n\t\t\t<span class=\"elementor-divider-separator\">\n\t\t\t\t\t\t<\/span>\n\t\t<\/div>\n\t\t\t\t<\/div>\n\t\t\t\t<\/div>\n\t\t\t\t<div class=\"elementor-element elementor-element-f570479 elementor-widget elementor-widget-menu-anchor\" data-id=\"f570479\" data-element_type=\"widget\" data-widget_type=\"menu-anchor.default\">\n\t\t\t\t<div class=\"elementor-widget-container\">\n\t\t\t\t\t<div id=\"gizlilik_politikasi\" class=\"elementor-menu-anchor\"><\/div>\n\t\t\t\t<\/div>\n\t\t\t\t<\/div>\n\t\t\t\t<div class=\"elementor-element elementor-element-0a08068 elementor-widget elementor-widget-text-editor\" data-id=\"0a08068\" data-element_type=\"widget\" data-widget_type=\"text-editor.default\">\n\t\t\t\t<div class=\"elementor-widget-container\">\n\t\t\t\t\t<div class=\"elementor-text-editor elementor-clearfix\"><div class=\"elementor-element elementor-element-68889a8 elementor-widget elementor-widget-text-editor\" data-id=\"68889a8\" data-element_type=\"widget\" data-widget_type=\"text-editor.default\"><div class=\"elementor-widget-container\"><div class=\"elementor-text-editor elementor-clearfix translation-block\">Kormetal is the Turkey distributor of <span style=\"color: #e30613;\"> Finnish Nokian Tyres, the inventor of the winter tyres since 2010.<\/span><\/div><\/div><\/div><div class=\"elementor-element elementor-element-5b5c0b8 elementor-widget elementor-widget-text-editor\" data-id=\"5b5c0b8\" data-element_type=\"widget\" data-widget_type=\"text-editor.default\"><div class=\"elementor-widget-container\"><div class=\"elementor-text-editor elementor-clearfix\"><p>Nokian Tyres, her ko\u015fulda g\u00f6n\u00fcl rahatl\u0131\u011f\u0131 sunan, d\u00fcnyan\u0131n en kuzeyinden gelen lastik \u00fcreticisidir. Nokian Tyres\u2019in hedefi, lastiklerin t\u00fcm kullan\u0131m \u00f6mr\u00fc boyunca s\u00fcrd\u00fcr\u00fclebilir g\u00fcvenli\u011fi sa\u011flamak ve \u00e7evre dostu olmakt\u0131r.\u00a0<\/p><p>Nokian Tyres lastiklerinin kalitesi, dayan\u0131kl\u0131l\u0131\u011f\u0131 ve \u00e7evre dostu olmas\u0131, dikkatli ara\u015ft\u0131rmalara, sistematik geli\u015ftirmelere ve son teknoloji testlere dayanmaktad\u0131r.<\/p><p>Binek, SUV, hafif ticari ara\u00e7lar i\u00e7in yaz, k\u0131\u015f ve d\u00f6rt mevsim lastiklerinin yan\u0131nda kamyonlar ve a\u011f\u0131r i\u015f makineleri i\u00e7in de lastikler \u00fcreten Nokian Tyres, zorlu k\u0131\u015f yollar\u0131n\u0131n yan\u0131 s\u0131ra bahar ve yaz aylar\u0131n\u0131n de\u011fi\u015fken zemin \u00f6zelliklerinde de \u00fcst\u00fcn performans g\u00f6sterir.<\/p><p>Kormetal, \u00fclke genelinde olu\u015fturdu\u011fu yayg\u0131n bayi a\u011f\u0131 ile m\u00fckemmel g\u00fcvenli\u011fi, yak\u0131t tasarrufu ve \u00e7evre dostu \u00f6zellikleriyle \u00f6ne \u00e7\u0131kan bu \u00fcst\u00fcn nitelikli lastikleri m\u00fc\u015fterilerine sunmaktad\u0131r.<\/p><\/div><\/div><\/div><\/div>\n\t\t\t\t<\/div>\n\t\t\t\t<\/div>\n\t\t\t\t<div class=\"elementor-element elementor-element-1c6a370 elementor-widget elementor-widget-button\" data-id=\"1c6a370\" data-element_type=\"widget\" data-widget_type=\"button.default\">\n\t\t\t\t<div class=\"elementor-widget-container\">\n\t\t\t\t\t<div class=\"elementor-button-wrapper\">\n\t\t\t<a href=\"https:\/\/www.nokiantyres.com\/turkey\/\" target=\"_blank\" class=\"elementor-button-link elementor-button elementor-size-sm\" role=\"button\">\n\t\t\t\t\t\t<span class=\"elementor-button-content-wrapper\">\n\t\t\t\t\t\t<span class=\"elementor-button-text\">More<\/span>\n\t\t<\/span>\n\t\t\t\t\t<\/a>\n\t\t<\/div>\n\t\t\t\t<\/div>\n\t\t\t\t<\/div>\n\t\t\t\t<div class=\"elementor-element elementor-element-8d50fd6 elementor-widget elementor-widget-menu-anchor\" data-id=\"8d50fd6\" data-element_type=\"widget\" data-widget_type=\"menu-anchor.default\">\n\t\t\t\t<div class=\"elementor-widget-container\">\n\t\t\t\t\t<div id=\"cerez_politikasi\" class=\"elementor-menu-anchor\"><\/div>\n\t\t\t\t<\/div>\n\t\t\t\t<\/div>\n\t\t\t\t<div class=\"elementor-element elementor-element-260435b4 elementor-widget elementor-widget-heading\" data-id=\"260435b4\" data-element_type=\"widget\" data-widget_type=\"heading.default\">\n\t\t\t\t<div class=\"elementor-widget-container\">\n\t\t\t<h2 class=\"elementor-heading-title elementor-size-default\">Nokian Tyres Yetkili Bayi <span style=\"color: #e30613;\">Listesi<\/span><\/h2>\t\t<\/div>\n\t\t\t\t<\/div>\n\t\t\t\t<div class=\"elementor-element elementor-element-7a44c238 elementor-widget elementor-widget-text-editor\" data-id=\"7a44c238\" data-element_type=\"widget\" data-widget_type=\"text-editor.default\">\n\t\t\t\t<div class=\"elementor-widget-container\">\n\t\t\t\t\t<div class=\"elementor-text-editor elementor-clearfix\"><h4>Size en yak\u0131n bayimiz uzman kadrosuyla hizmet vermeye haz\u0131rd\u0131r!<\/h4><\/div>\n\t\t\t\t<\/div>\n\t\t\t\t<\/div>\n\t\t\t\t\t\t<\/div>\n\t\t\t<\/div>\n\t\t<\/div>\n\t\t\t\t\t\t<\/div>\n\t\t\t<\/div>\n\t\t<\/section>\n\t\t\t\t<section data-particle_enable=\"false\" data-particle-mobile-disabled=\"false\" class=\"elementor-element elementor-element-2b4537d elementor-section-boxed elementor-section-height-default elementor-section-height-default elementor-section elementor-inner-section\" data-id=\"2b4537d\" data-element_type=\"section\">\n\t\t\t\t\t\t<div class=\"elementor-container elementor-column-gap-default\">\n\t\t\t\t<div class=\"elementor-row\">\n\t\t\t\t<div class=\"elementor-element elementor-element-87e7e15 elementor-column elementor-col-100 elementor-inner-column\" data-id=\"87e7e15\" data-element_type=\"column\">\n\t\t\t<div class=\"elementor-column-wrap  elementor-element-populated\">\n\t\t\t\t\t<div class=\"elementor-widget-wrap\">\n\t\t\t\t<div class=\"elementor-element elementor-element-f85cc0d elementor-widget elementor-widget-eael-advanced-data-table\" data-id=\"f85cc0d\" data-element_type=\"widget\" data-widget_type=\"eael-advanced-data-table.default\">\n\t\t\t\t<div class=\"elementor-widget-container\">\n\t\t\t<div class=\"ea-advanced-data-table-wrap\" data-id=\"f85cc0d\"><div class=\"ea-advanced-data-table-wrap-inner\">\n                <table class=\"ea-advanced-data-table ea-advanced-data-table-static ea-advanced-data-table-f85cc0d\" data-id=\"f85cc0d\"><thead><tr><th>\u015eehir<\/th><th>Bayi Ad\u0131<\/th><th>Adres<\/th><th style=\"width: 162px;\">Telefon<\/th><th>\u0130nternet Sitesi<\/th><\/tr><\/thead><tbody><tr><td>Ankara<\/td><td>Ary Metal Emlak \u0130n\u015f. Otomotiv San. Ve Tic. Ltd. \u015eti.<\/td><td>Erciyes \u0130\u015fyerleri Sitesi ( Gimat Kar\u015f\u0131s\u0131 ) 187. Cad. No: 127 Macunk\u00f6y Yenimahalle \/ Ankara 06105<\/td><td>+90 312 397 37 27<\/td><td>www.lastikjantdunyasi.com<\/td><\/tr><tr><td>Ankara<\/td><td>\u00c7ankaya Defne Otomotiv Tic. Ltd. \u015eti.<\/td><td>\u0130lkbahar Mah. Turan G\u00fcne\u015f Blv. 73 B \u00c7ankaya \/ Ankara 06550<\/td><td>+90 312 491 49 10                             <\/td><td> <\/td><\/tr><tr><td>Ankara<\/td><td>Hunter Optik - H\u00fcseyin Bircan Mazlum<\/td><td>\u0130. O. S. B. 1452. Sok. No:31 Yenimahalle \/ Ankara 06378<\/td><td>+90 312 394 28 88<\/td><td> <\/td><\/tr><tr><td>Bal\u0131kesir<\/td><td>Bal\u0131kesir Marmara Otomotiv San. Ve Tic. A.\u015e.<\/td><td>Yeni San. Sitesi Cumhuriyet Cad. No:116 Karesi \/ Bal\u0131kesir 10020<\/td><td>+90 266 246 05 05<\/td><td>www.marmaraotomotiv.com.tr<\/td><\/tr><tr><td>Bursa<\/td><td>A.C. Ceylan Otomotiv Oto Lastik<\/td><td>Be\u015fevler K\u00fc\u00e7\u00fck Sanayi Sitesi 13. Cad. 9. Blok No: 29 Nil\u00fcfer \/ Bursa 16110<\/td><td>+90 224 441 24 44<\/td><td> <\/td><\/tr><tr><td>Erzurum<\/td><td>Er-\u015ean Otomotiv Tic. San. Ltd. \u015eti.<\/td><td>50. Y\u0131l Cad. No:111 Er-\u015ean Plaza Yakutiye \/ Erzurum 25040<\/td><td>+90 442 234 89 90<\/td><td>www.ersanoto.com.tr<\/td><\/tr><tr><td>\u0130stanbul<\/td><td>Kormetal San. ve Tic. A.\u015e.<\/td><td>\u00dcniversite Mh. Ba\u011flari\u00e7i Cd. No:18 Avc\u0131lar \/ \u0130stanbul 34320<\/td><td>+90 212 694 60 00<\/td><td>kormetal.com<\/td><\/tr><tr><td>\u0130stanbul<\/td><td>Akyol Karde\u015fler Oto Tur. G\u0131d. In\u015f. Tah. \u0130th. \u0130hr. San. Tic. Ltd. \u015eti.<\/td><td>\u0130stiklal Mah. Kavakl\u0131dere Cad No:12\/A \u00dcmraniye \/ \u0130stanbul 34762<\/td><td>+90 216 329 73 98<\/td><td>www.akyolkardesler.com.tr<\/td><\/tr><tr><td>\u0130stanbul<\/td><td>Ar\u0131c\u0131o\u011flu Otomotiv San. Ve Tic. A. \u015e.<\/td><td>Birlik Mah. Karao\u011flano\u011flu Cad. No:45 Esenler \/ \u0130stanbul 34220<\/td><td>+90 212 610 13 13<\/td><td>www.aricioglu.com<\/td><\/tr><tr><td>\u0130stanbul<\/td><td>Ar\u0131c\u0131o\u011flu Otomotiv San. Ve Tic. A.\u015e.<\/td><td>Havaalan\u0131 Mah. Mehmet Akif \u0130nan Cad. No:67 At\u0131\u015falan\u0131 \/ \u0130stanbul 34220<\/td><td>+90 212 569 45 45<\/td><td>www.aricioglu.com<\/td><\/tr><tr><td>\u0130stanbul<\/td><td>Ar\u0131c\u0131o\u011flu Otomotiv San. Ve Tic. A. \u015e. - Beyo\u011flu \u015eube 2<\/td><td>Piyalepa\u015fa Bulvar\u0131 No: 4 Beyo\u011flu \/ \u0130stanbul 34440<\/td><td>+90 212 250 15 15<\/td><td>www.aricioglu.com<\/td><\/tr><tr><td>\u0130stanbul<\/td><td>Demirta\u015f Otomotiv<\/td><td>Dolapdere Cad. No: 156 Pangalt\u0131 \u015ei\u015fli \/ \u0130stanbul 34373<\/td><td>+90 212 241 33 80<\/td><td>www.demirtasoto.com<\/td><\/tr><tr><td>\u0130stanbul<\/td><td>Derin Lastik \u0130hr. \u0130th. Ve Tic.<\/td><td>Eski Londra Asfalt\u0131 No. 123\/A Bah\u00e7elievler \/ \u0130stanbul 34180<\/td><td>+90 212 441 38 06<\/td><td> <\/td><\/tr><tr><td>\u0130stanbul<\/td><td>Gizem Otomotiv Ta\u015f. San. \u0130\u00e7 ve D\u0131\u015f. Tic. Ltd. \u015eti.<\/td><td>Atat\u00fcrk Oto Sanayi Sitesi 2. K\u0131s\u0131m 31. Sokak No. 1268-1269 Maslak \/ \u0130stanbul 34485<\/td><td>+90 212 276 84 07<\/td><td> <\/td><\/tr><tr><td>\u0130stanbul<\/td><td>Karde\u015fler Lastik San. Tic. Ltd. \u015eti.<\/td><td>Atat\u00fcrk Oto Sanayi Sitesi 2. K\u0131s\u0131m 35. Sokak No. 1452-1453 Maslak \/ \u0130stanbul 34485<\/td><td>+90 212 286 11 98<\/td><td>www.kardeslerlastik.com.tr<\/td><\/tr><tr><td>\u0130stanbul<\/td><td>Polat Motorlu Ara\u00e7lar Tic. Ltd. \u015eti.<\/td><td>\u00dcnalan Mah. Ayazma Cad. No: 17\/A \u00dcsk\u00fcdar \/ \u0130stanbul 34700<\/td><td>+90 216 324 44 75<\/td><td>www.polatoto.com.tr<\/td><\/tr><tr><td>\u0130stanbul<\/td><td>Sinan Akyol<\/td><td>\u0130stiklal Mh. Kavakl\u0131dere Cd. No:68\/A \u00dcmraniye \/ \u0130stanbul 34762<\/td><td>+90 216 344 98 36<\/td><td> <\/td><\/tr><tr><td>\u0130stanbul<\/td><td>Y\u00f6rkan Lastik Ve Servis Hizmetleri Tic. Ltd. \u015eti.<\/td><td>Fatih Mahallesi 833. Yan Yol No:3\/A K\u00fc\u00e7\u00fck\u00e7ekmece \/ \u0130stanbul 34153<\/td><td>+90 212 540 00 91<\/td><td>www.yorkanlastik.com<\/td><\/tr><tr><td>\u0130stanbul<\/td><td>Y\u00f6rkan Lastik ve Servis Hizmetleri Tic. Ltd. \u015eti. 2<\/td><td>Akevler Mah. 1059. Sk. 21 E Esenyurt \/ \u0130stanbul 34513<\/td><td>+90 212 830 27 58<\/td><td>www.yorkanlastik.com<\/td><\/tr><tr><td>\u0130stanbul<\/td><td>Yusuf Ziya Keskin Otomotiv San. Tic. Ltd. \u015eti.<\/td><td>Maslak Mah. A.O.S.S. 1. K\u0131s\u0131m 38. Sokak :351 \/ \u0130stanbul 34485<\/td><td>+90 212 286 41 03<\/td><td>www.yukelastik.com<\/td><\/tr><tr><td>Kad\u0131k\u00f6y<\/td><td>Samur Otomotiv ve Yed. Aks. Paz. Ltd. \u015eti.<\/td><td>Kozyata\u011f\u0131 Mah. Kocayol Cad. No:53\/A Kad\u0131k\u00f6y \/ \u0130stanbul 34742<\/td><td>+90 216 410 09 20<\/td><td> <\/td><\/tr><tr><td>Kars<\/td><td>Cellat Turizm Hay. Ve Ta\u015f. \u0130n\u015f. G\u0131da San. Paz. Ltd. \u015eti.<\/td><td>\u0130n\u00f6n\u00fc Mh. Halk Cd. No:76\/A Sar\u0131kam\u0131\u015f \/ Kars 36500<\/td><td>+90 474 413 62 12<\/td><td> <\/td><\/tr><tr><td>Kastamonu<\/td><td>Kuzey Lastik Sami K\u00fcl\u00e7e<\/td><td>M. Akif Ersoy Mah. Rauf Denkta\u015f Cad. No: 114\/B \/ Kastamonu 37200<\/td><td>+90 366 214 19 91<\/td><td> <\/td><\/tr><tr><td>Konya<\/td><td>Kamero\u011flu Day T\u00fcrk Mal Bil Otom G\u0131da San Tic Ltd \u015eti<\/td><td>Nal\u00e7ac\u0131 Cad No:104\/C Sel\u00e7uklu \/ Konya 42060<\/td><td>+90 332 237 51 61<\/td><td> <\/td><\/tr><tr><td>Konya<\/td><td>Oto Pabu\u00e7 \u0130\u00e7 Ve D\u0131\u015f Ticaret Ltd. \u015eti.<\/td><td>Horozluhan Mah. Ahievran Cd. No:61\/B Sel\u00e7uklu \/ Konya 42120<\/td><td>+90 332 444 59 54<\/td><td>www.otopabuc.com.tr<\/td><\/tr><tr><td>Sakarya<\/td><td>\u0130lhan Lastik<\/td><td>Tepecikler Mah. Konyal\u0131 Alibey Cad. No:47 Gevye \/ Sakarya 54700<\/td><td>+90 542 345 54 54<\/td><td> <\/td><\/tr><tr><td>Samsun<\/td><td>Do\u011fa Otomotiv<\/td><td>Cumhuriyet Mah. Atat\u00fcrk Bulvar\u0131 No:399\/B Merkez \/ Samsun 55200<\/td><td>+90 362 438 23 35<\/td><td> <\/td><\/tr><tr><td>Tokat<\/td><td>Co\u015faro\u011fullar\u0131 \u0130n\u015faat Otom. San. Ve Tic. Ltd. \u015eti.<\/td><td>Yeniyurt Mah. Vali Zekai G\u00fcm\u00fc\u015fdi\u015f Bulvar\u0131 No:51\/G \/ Tokat 60100<\/td><td>+90 541 901 39 26<\/td><td> <\/td><\/tr><tr><td>Trabzon<\/td><td>Ak Otomotiv<\/td><td>Sanayi Sitesi 4. Blok No: 12 De\u011firmendere \/ Trabzon 61100<\/td><td>+90 462 325 45 67<\/td><td>www.akotolastik.com<\/td><\/tr><tr><td>Van<\/td><td>Erbay Lastik Kereste \u0130ml. \u0130n\u015f. Ltd. \u015eti.<\/td><td>A. Gazi Mh. Erci\u015f yolu 2. km. Tu\u015fba Belediyesi Civar\u0131 119\/1 A Blok No:1 Tu\u015fba \/ Van 65040<\/td><td>+90 432 223 24 48<\/td><td> <\/td><\/tr><tr><td>Zonguldak<\/td><td>Frenpar Las. Otm. \u0130n\u015f. Nak. Met. Pet. \u00dcr. San. Tic. Ltd. \u015eti.<\/td><td>Sanayi Sitesi No:27 Karadeniz Ere\u011fli Ere\u011fli \/ Zonguldak 67350<\/td><td>+90 372 312 39 29<\/td><td> <\/td><\/tr><\/tbody><\/table>\n            <\/div><\/div>\t\t<\/div>\n\t\t\t\t<\/div>\n\t\t\t\t\t\t<\/div>\n\t\t\t<\/div>\n\t\t<\/div>\n\t\t\t\t\t\t<\/div>\n\t\t\t<\/div>\n\t\t<\/section>\n\t\t\t\t<section data-particle_enable=\"false\" data-particle-mobile-disabled=\"false\" class=\"elementor-element elementor-element-4383a27 elementor-section-boxed elementor-section-height-default elementor-section-height-default elementor-section elementor-inner-section\" data-id=\"4383a27\" data-element_type=\"section\">\n\t\t\t\t\t\t<div class=\"elementor-container elementor-column-gap-default\">\n\t\t\t\t<div class=\"elementor-row\">\n\t\t\t\t<div class=\"elementor-element elementor-element-d3c7c52 elementor-column elementor-col-100 elementor-inner-column\" data-id=\"d3c7c52\" data-element_type=\"column\">\n\t\t\t<div class=\"elementor-column-wrap  elementor-element-populated\">\n\t\t\t\t\t<div class=\"elementor-widget-wrap\">\n\t\t\t\t<div class=\"elementor-element elementor-element-01cc4af elementor-widget elementor-widget-menu-anchor\" data-id=\"01cc4af\" data-element_type=\"widget\" data-widget_type=\"menu-anchor.default\">\n\t\t\t\t<div class=\"elementor-widget-container\">\n\t\t\t\t\t<div id=\"aydinlatma_metni\" class=\"elementor-menu-anchor\"><\/div>\n\t\t\t\t<\/div>\n\t\t\t\t<\/div>\n\t\t\t\t\t\t<\/div>\n\t\t\t<\/div>\n\t\t<\/div>\n\t\t\t\t\t\t<\/div>\n\t\t\t<\/div>\n\t\t<\/section>\n\t\t\t\t\t\t<\/div>\n\t\t\t<\/div>\n\t\t<\/div>\n\t\t\t\t\t\t<\/div>\n\t\t\t<\/div>\n\t\t<\/section>\n\t\t\t\t\t\t<\/div>\n\t\t\t<\/div>\n\t\t<\/div>","protected":false},"excerpt":{"rendered":"<p>KI\u015e \u0130\u00c7\u0130N DO\u011eDU Nokian Tyres Kormetal, 2010 y\u0131l\u0131ndan bu yana k\u0131\u015f lasti\u011finin mucidi Finlandiyal\u0131 Nokian Tyres lastiklerinin T\u00fcrkiye distrib\u00fct\u00f6r\u00fcd\u00fcr. Nokian Tyres, her ko\u015fulda g\u00f6n\u00fcl rahatl\u0131\u011f\u0131 sunan, d\u00fcnyan\u0131n en kuzeyinden gelen lastik \u00fcreticisidir. Nokian Tyres\u2019in hedefi, lastiklerin t\u00fcm kullan\u0131m \u00f6mr\u00fc boyunca s\u00fcrd\u00fcr\u00fclebilir g\u00fcvenli\u011fi sa\u011flamak ve \u00e7evre dostu olmakt\u0131r.\u00a0 Nokian Tyres lastiklerinin kalitesi, dayan\u0131kl\u0131l\u0131\u011f\u0131 ve \u00e7evre dostu [&hellip;]<\/p>","protected":false},"author":1,"featured_media":0,"parent":0,"menu_order":0,"comment_status":"closed","ping_status":"closed","template":"","meta":[],"_links":{"self":[{"href":"https:\/\/kormetal.com\/en\/wp-json\/wp\/v2\/pages\/778"}],"collection":[{"href":"https:\/\/kormetal.com\/en\/wp-json\/wp\/v2\/pages"}],"about":[{"href":"https:\/\/kormetal.com\/en\/wp-json\/wp\/v2\/types\/page"}],"author":[{"embeddable":true,"href":"https:\/\/kormetal.com\/en\/wp-json\/wp\/v2\/users\/1"}],"replies":[{"embeddable":true,"href":"https:\/\/kormetal.com\/en\/wp-json\/wp\/v2\/comments?post=778"}],"version-history":[{"count":9,"href":"https:\/\/kormetal.com\/en\/wp-json\/wp\/v2\/pages\/778\/revisions"}],"predecessor-version":[{"id":791,"href":"https:\/\/kormetal.com\/en\/wp-json\/wp\/v2\/pages\/778\/revisions\/791"}],"wp:attachment":[{"href":"https:\/\/kormetal.com\/en\/wp-json\/wp\/v2\/media?parent=778"}],"curies":[{"name":"wp","href":"https:\/\/api.w.org\/{rel}","templated":true}]}}