{"id":765,"date":"2022-12-23T11:50:03","date_gmt":"2022-12-23T08:50:03","guid":{"rendered":"https:\/\/kormetal.com\/?page_id=765"},"modified":"2022-12-23T11:52:30","modified_gmt":"2022-12-23T08:52:30","slug":"surdurulebilirlik","status":"publish","type":"page","link":"https:\/\/kormetal.com\/en\/kurumsal\/surdurulebilirlik\/","title":{"rendered":"S\u00fcrd\u00fcr\u00fclebilirlik"},"content":{"rendered":"<h1>Kormetal S\u00fcrd\u00fcr\u00fclebilirlik Hedef Deklarasyonu<\/h1>\n<table style=\"height: 120px;\" width=\"989\">\n<tbody>\n<tr>\n<th style=\"text-align: left;\"><span style=\"color: #ff0000;\">Hedefler<\/span><\/th>\n<th style=\"text-align: left;\"><span style=\"color: #ff0000;\">Orta D\u00f6nem Hedefi &#8211; 2025<\/span><\/th>\n<th style=\"text-align: left;\"><span style=\"color: #ff0000;\">Uzun D\u00f6nem Hedefi &#8211; 2030<\/span><\/th>\n<\/tr>\n<tr>\n<td><strong><span style=\"color: #3366ff;\">\u00dcr\u00fcn Ba\u015f\u0131na Toplam At\u0131k Miktar\u0131<\/span><\/strong><\/td>\n<td><strong><span style=\"color: #339966;\">0,00025<\/span><\/strong><\/td>\n<td><strong><span style=\"color: #339966;\">0,0002<\/span><\/strong><\/td>\n<\/tr>\n<tr>\n<td><strong><span style=\"color: #3366ff;\">\u00dcr\u00fcn Ba\u015f\u0131na Toplam Su \u00c7ekimi Miktar\u0131<\/span><\/strong><\/td>\n<td><strong><span style=\"color: #339966;\">0,0050<\/span><\/strong><\/td>\n<td><strong><span style=\"color: #339966;\">0,004<\/span><\/strong><\/td>\n<\/tr>\n<tr>\n<td><strong><span style=\"color: #3366ff;\">\u00dcretim Ba\u015f\u0131na Enerji T\u00fcketimi<\/span><\/strong><\/td>\n<td><span style=\"color: #339966;\"><strong>0,00025<\/strong><\/span><\/td>\n<td><span style=\"color: #339966;\"><strong>0,0002<\/strong><\/span><\/td>\n<\/tr>\n<\/tbody>\n<\/table>","protected":false},"excerpt":{"rendered":"<p>Kormetal S\u00fcrd\u00fcr\u00fclebilirlik Hedef Deklarasyonu Hedefler Orta D\u00f6nem Hedefi &#8211; 2025 Uzun D\u00f6nem Hedefi &#8211; 2030 \u00dcr\u00fcn Ba\u015f\u0131na Toplam At\u0131k Miktar\u0131 0,00025 0,0002 \u00dcr\u00fcn Ba\u015f\u0131na Toplam Su \u00c7ekimi Miktar\u0131 0,0050 0,004 \u00dcretim Ba\u015f\u0131na Enerji T\u00fcketimi 0,00025 0,0002<\/p>","protected":false},"author":1,"featured_media":0,"parent":10,"menu_order":0,"comment_status":"closed","ping_status":"closed","template":"","meta":[],"_links":{"self":[{"href":"https:\/\/kormetal.com\/en\/wp-json\/wp\/v2\/pages\/765"}],"collection":[{"href":"https:\/\/kormetal.com\/en\/wp-json\/wp\/v2\/pages"}],"about":[{"href":"https:\/\/kormetal.com\/en\/wp-json\/wp\/v2\/types\/page"}],"author":[{"embeddable":true,"href":"https:\/\/kormetal.com\/en\/wp-json\/wp\/v2\/users\/1"}],"replies":[{"embeddable":true,"href":"https:\/\/kormetal.com\/en\/wp-json\/wp\/v2\/comments?post=765"}],"version-history":[{"count":3,"href":"https:\/\/kormetal.com\/en\/wp-json\/wp\/v2\/pages\/765\/revisions"}],"predecessor-version":[{"id":768,"href":"https:\/\/kormetal.com\/en\/wp-json\/wp\/v2\/pages\/765\/revisions\/768"}],"up":[{"embeddable":true,"href":"https:\/\/kormetal.com\/en\/wp-json\/wp\/v2\/pages\/10"}],"wp:attachment":[{"href":"https:\/\/kormetal.com\/en\/wp-json\/wp\/v2\/media?parent=765"}],"curies":[{"name":"wp","href":"https:\/\/api.w.org\/{rel}","templated":true}]}}