{"id":20,"date":"2020-07-14T13:52:32","date_gmt":"2020-07-14T10:52:32","guid":{"rendered":"https:\/\/kormetal.com\/?page_id=20"},"modified":"2021-05-04T08:52:53","modified_gmt":"2021-05-04T05:52:53","slug":"insan-kaynaklari","status":"publish","type":"page","link":"https:\/\/kormetal.com\/en\/insan-kaynaklari\/","title":{"rendered":"Human Resources"},"content":{"rendered":"<div data-elementor-type=\"wp-page\" data-elementor-id=\"20\" class=\"elementor elementor-20\" data-elementor-settings=\"[]\">\n\t\t\t<div class=\"elementor-inner\">\n\t\t\t\t<div class=\"elementor-section-wrap\">\n\t\t\t\t\t\t\t<section data-particle_enable=\"false\" data-particle-mobile-disabled=\"false\" class=\"elementor-element elementor-element-67215e10 elementor-section-full_width elementor-section-height-min-height elementor-section-height-default elementor-section-items-middle elementor-section elementor-top-section\" data-id=\"67215e10\" data-element_type=\"section\" data-settings=\"{&quot;background_background&quot;:&quot;classic&quot;}\">\n\t\t\t\t\t\t<div class=\"elementor-container elementor-column-gap-default\">\n\t\t\t\t<div class=\"elementor-row\">\n\t\t\t\t<div class=\"elementor-element elementor-element-1fe1d293 elementor-column elementor-col-100 elementor-top-column\" data-id=\"1fe1d293\" data-element_type=\"column\">\n\t\t\t<div class=\"elementor-column-wrap\">\n\t\t\t\t\t<div class=\"elementor-widget-wrap\">\n\t\t\t\t\t\t<\/div>\n\t\t\t<\/div>\n\t\t<\/div>\n\t\t\t\t\t\t<\/div>\n\t\t\t<\/div>\n\t\t<\/section>\n\t\t\t\t<section data-particle_enable=\"false\" data-particle-mobile-disabled=\"false\" class=\"elementor-element elementor-element-40c60cb1 elementor-section-full_width elementor-section-height-default elementor-section-height-default elementor-section elementor-top-section\" data-id=\"40c60cb1\" data-element_type=\"section\" data-settings=\"{&quot;background_background&quot;:&quot;classic&quot;,&quot;background_motion_fx_motion_fx_mouse&quot;:&quot;yes&quot;,&quot;background_motion_fx_mouseTrack_effect&quot;:&quot;yes&quot;,&quot;background_motion_fx_mouseTrack_speed&quot;:{&quot;unit&quot;:&quot;px&quot;,&quot;size&quot;:1,&quot;sizes&quot;:[]}}\">\n\t\t\t\t\t\t<div class=\"elementor-container elementor-column-gap-default\">\n\t\t\t\t<div class=\"elementor-row\">\n\t\t\t\t<div class=\"elementor-element elementor-element-296bfefa elementor-column elementor-col-100 elementor-top-column\" data-id=\"296bfefa\" data-element_type=\"column\">\n\t\t\t<div class=\"elementor-column-wrap  elementor-element-populated\">\n\t\t\t\t\t<div class=\"elementor-widget-wrap\">\n\t\t\t\t<div class=\"elementor-element elementor-element-577e8ad5 elementor-widget elementor-widget-spacer\" data-id=\"577e8ad5\" data-element_type=\"widget\" data-widget_type=\"spacer.default\">\n\t\t\t\t<div class=\"elementor-widget-container\">\n\t\t\t\t\t<div class=\"elementor-spacer\">\n\t\t\t<div class=\"elementor-spacer-inner\"><\/div>\n\t\t<\/div>\n\t\t\t\t<\/div>\n\t\t\t\t<\/div>\n\t\t\t\t<section data-particle_enable=\"false\" data-particle-mobile-disabled=\"false\" class=\"elementor-element elementor-element-15ab2070 elementor-section-boxed elementor-section-height-default elementor-section-height-default elementor-section elementor-inner-section\" data-id=\"15ab2070\" data-element_type=\"section\">\n\t\t\t\t\t\t<div class=\"elementor-container elementor-column-gap-default\">\n\t\t\t\t<div class=\"elementor-row\">\n\t\t\t\t<div class=\"elementor-element elementor-element-6339b4e elementor-column elementor-col-100 elementor-inner-column\" data-id=\"6339b4e\" data-element_type=\"column\">\n\t\t\t<div class=\"elementor-column-wrap  elementor-element-populated\">\n\t\t\t\t\t<div class=\"elementor-widget-wrap\">\n\t\t\t\t<div class=\"elementor-element elementor-element-2dc17236 elementor-invisible elementor-widget elementor-widget-heading\" data-id=\"2dc17236\" data-element_type=\"widget\" data-settings=\"{&quot;_animation&quot;:&quot;fadeInUp&quot;}\" data-widget_type=\"heading.default\">\n\t\t\t\t<div class=\"elementor-widget-container\">\n\t\t\t<h2 class=\"elementor-heading-title elementor-size-xxl\">Human <span style=\"color: #e30613;\">Resources<\/span>\n<\/h2>\t\t<\/div>\n\t\t\t\t<\/div>\n\t\t\t\t<div class=\"elementor-element elementor-element-7b44004d animated-slow elementor-invisible elementor-widget elementor-widget-divider\" data-id=\"7b44004d\" data-element_type=\"widget\" data-settings=\"{&quot;_animation&quot;:&quot;fadeInUp&quot;,&quot;_animation_delay&quot;:300}\" data-widget_type=\"divider.default\">\n\t\t\t\t<div class=\"elementor-widget-container\">\n\t\t\t\t\t<div class=\"elementor-divider\">\n\t\t\t<span class=\"elementor-divider-separator\">\n\t\t\t\t\t\t<\/span>\n\t\t<\/div>\n\t\t\t\t<\/div>\n\t\t\t\t<\/div>\n\t\t\t\t<div class=\"elementor-element elementor-element-44d6583a elementor-widget elementor-widget-heading\" data-id=\"44d6583a\" data-element_type=\"widget\" data-widget_type=\"heading.default\">\n\t\t\t\t<div class=\"elementor-widget-container\">\n\t\t\t<h2 class=\"elementor-heading-title elementor-size-default\">Human Resources <span style=\"color: #e30613;\">Policy<\/span><\/h2>\t\t<\/div>\n\t\t\t\t<\/div>\n\t\t\t\t<div class=\"elementor-element elementor-element-5b547c88 elementor-widget elementor-widget-text-editor\" data-id=\"5b547c88\" data-element_type=\"widget\" data-widget_type=\"text-editor.default\">\n\t\t\t\t<div class=\"elementor-widget-container\">\n\t\t\t\t\t<div class=\"elementor-text-editor elementor-clearfix\"><p>Kormetal\u2019s Human Resources Policy is to efficiently utilize its human resource towards becoming a customer-oriented company by improving its position in aluminum casting and rim market, satisfying the expectations of its stakeholders, valuing its employees, and becoming a company open for change, sensitive to the environment and the occupational health, safety and quality standards, which continuously advances its technology and takes strength from the creativity of its employees.<\/p><\/div>\n\t\t\t\t<\/div>\n\t\t\t\t<\/div>\n\t\t\t\t<div class=\"elementor-element elementor-element-41112e3b elementor-widget elementor-widget-text-editor\" data-id=\"41112e3b\" data-element_type=\"widget\" data-widget_type=\"text-editor.default\">\n\t\t\t\t<div class=\"elementor-widget-container\">\n\t\t\t\t\t<div class=\"elementor-text-editor elementor-clearfix\"><p>The objective of our human resources policy is to plan, select, recruit, assign in our service units, develop, identify and make the planning to satisfy training requirements, implement the plans, identify competencies, conduct performance management and career planning activities according to scientific methods to obtain human resources which would enable efficient and productive conduct of our Company\u2019s efforts.<\/p><\/div>\n\t\t\t\t<\/div>\n\t\t\t\t<\/div>\n\t\t\t\t<div class=\"elementor-element elementor-element-44b9b14e elementor-widget elementor-widget-heading\" data-id=\"44b9b14e\" data-element_type=\"widget\" data-widget_type=\"heading.default\">\n\t\t\t\t<div class=\"elementor-widget-container\">\n\t\t\t<h2 class=\"elementor-heading-title elementor-size-default\">Training and <span style=\"color: #e30613;\">Development<\/span><\/h2>\t\t<\/div>\n\t\t\t\t<\/div>\n\t\t\t\t<div class=\"elementor-element elementor-element-3bdfcf93 elementor-widget elementor-widget-text-editor\" data-id=\"3bdfcf93\" data-element_type=\"widget\" data-widget_type=\"text-editor.default\">\n\t\t\t\t<div class=\"elementor-widget-container\">\n\t\t\t\t\t<div class=\"elementor-text-editor elementor-clearfix\"><p>In training and development planning, initially the development needs of the staff are analyzed. In this process, together with the priority areas required by the job or determined as a result of the assessments, future-oriented development areas are also included in the planning in accordance with the career plans. At the same time, individual-based training needs analysis of Kormetal employees is conducted over the Internet two times a year. The outputs from these studies are consolidated and the training for the next year is planned by a commission which includes employees from quality and human resources departments.<\/p><\/div>\n\t\t\t\t<\/div>\n\t\t\t\t<\/div>\n\t\t\t\t<div class=\"elementor-element elementor-element-52ae202f elementor-widget elementor-widget-heading\" data-id=\"52ae202f\" data-element_type=\"widget\" data-widget_type=\"heading.default\">\n\t\t\t\t<div class=\"elementor-widget-container\">\n\t\t\t<h2 class=\"elementor-heading-title elementor-size-default\">Career <span style=\"color: #e30613;\">Opportunities<\/span><\/h2>\t\t<\/div>\n\t\t\t\t<\/div>\n\t\t\t\t<div class=\"elementor-element elementor-element-53ab781 elementor-widget elementor-widget-text-editor\" data-id=\"53ab781\" data-element_type=\"widget\" data-widget_type=\"text-editor.default\">\n\t\t\t\t<div class=\"elementor-widget-container\">\n\t\t\t\t\t<div class=\"elementor-text-editor elementor-clearfix\"><p>Kormetal is aware that the success of delivering quality products is achieved by well-trained employees and always prepares its employees for the future by investing in them. Each individual who joins the Kormetal family becomes more competent and professional.<\/p><\/div>\n\t\t\t\t<\/div>\n\t\t\t\t<\/div>\n\t\t\t\t\t\t<\/div>\n\t\t\t<\/div>\n\t\t<\/div>\n\t\t\t\t\t\t<\/div>\n\t\t\t<\/div>\n\t\t<\/section>\n\t\t\t\t<div class=\"elementor-element elementor-element-2045484 elementor-widget elementor-widget-spacer\" data-id=\"2045484\" data-element_type=\"widget\" data-widget_type=\"spacer.default\">\n\t\t\t\t<div class=\"elementor-widget-container\">\n\t\t\t\t\t<div class=\"elementor-spacer\">\n\t\t\t<div class=\"elementor-spacer-inner\"><\/div>\n\t\t<\/div>\n\t\t\t\t<\/div>\n\t\t\t\t<\/div>\n\t\t\t\t\t\t<\/div>\n\t\t\t<\/div>\n\t\t<\/div>\n\t\t\t\t\t\t<\/div>\n\t\t\t<\/div>\n\t\t<\/section>\n\t\t\t\t<section data-particle_enable=\"false\" data-particle-mobile-disabled=\"false\" class=\"elementor-element elementor-element-54b7a410 elementor-section-full_width elementor-section-height-default elementor-section-height-default elementor-section elementor-top-section\" data-id=\"54b7a410\" data-element_type=\"section\" data-settings=\"{&quot;background_background&quot;:&quot;classic&quot;}\">\n\t\t\t\t\t\t<div class=\"elementor-container elementor-column-gap-default\">\n\t\t\t\t<div class=\"elementor-row\">\n\t\t\t\t<div class=\"elementor-element elementor-element-18b2b413 elementor-column elementor-col-100 elementor-top-column\" data-id=\"18b2b413\" data-element_type=\"column\">\n\t\t\t<div class=\"elementor-column-wrap  elementor-element-populated\">\n\t\t\t\t\t<div class=\"elementor-widget-wrap\">\n\t\t\t\t<div class=\"elementor-element elementor-element-300ad4e elementor-widget elementor-widget-spacer\" data-id=\"300ad4e\" data-element_type=\"widget\" data-widget_type=\"spacer.default\">\n\t\t\t\t<div class=\"elementor-widget-container\">\n\t\t\t\t\t<div class=\"elementor-spacer\">\n\t\t\t<div class=\"elementor-spacer-inner\"><\/div>\n\t\t<\/div>\n\t\t\t\t<\/div>\n\t\t\t\t<\/div>\n\t\t\t\t<section data-particle_enable=\"false\" data-particle-mobile-disabled=\"false\" class=\"elementor-element elementor-element-3afa824f elementor-section-boxed elementor-section-height-default elementor-section-height-default elementor-section elementor-inner-section\" data-id=\"3afa824f\" data-element_type=\"section\">\n\t\t\t\t\t\t<div class=\"elementor-container elementor-column-gap-default\">\n\t\t\t\t<div class=\"elementor-row\">\n\t\t\t\t<div class=\"elementor-element elementor-element-2f4b018b elementor-column elementor-col-100 elementor-inner-column\" data-id=\"2f4b018b\" data-element_type=\"column\">\n\t\t\t<div class=\"elementor-column-wrap  elementor-element-populated\">\n\t\t\t\t\t<div class=\"elementor-widget-wrap\">\n\t\t\t\t<div class=\"elementor-element elementor-element-37a205f elementor-widget elementor-widget-heading\" data-id=\"37a205f\" data-element_type=\"widget\" data-widget_type=\"heading.default\">\n\t\t\t\t<div class=\"elementor-widget-container\">\n\t\t\t<h2 class=\"elementor-heading-title elementor-size-xxl\">Application <span style=\"color: #e30613;\">Form<\/span>\n<\/h2>\t\t<\/div>\n\t\t\t\t<\/div>\n\t\t\t\t<div class=\"elementor-element elementor-element-3ba47a1f elementor-button-align-stretch elementor-widget elementor-widget-form\" data-id=\"3ba47a1f\" data-element_type=\"widget\" data-settings=\"{&quot;button_width&quot;:&quot;20&quot;,&quot;step_next_label&quot;:&quot;Next&quot;,&quot;step_previous_label&quot;:&quot;Previous&quot;,&quot;step_type&quot;:&quot;number_text&quot;,&quot;step_icon_shape&quot;:&quot;circle&quot;}\" data-widget_type=\"form.default\">\n\t\t\t\t<div class=\"elementor-widget-container\">\n\t\t\t\t\t<form class=\"elementor-form\" method=\"post\" name=\"\u0130K Ba\u015fvuru Formu\" action=\"\">\r\n\t\t\t<input type=\"hidden\" name=\"post_id\" value=\"20\"\/>\r\n\t\t\t<input type=\"hidden\" name=\"form_id\" value=\"3ba47a1f\"\/>\r\n\r\n\t\t\t\r\n\t\t\t<div class=\"elementor-form-fields-wrapper elementor-labels-above\">\r\n\t\t\t\t\t\t\t\t<div class=\"elementor-field-type-text elementor-field-group elementor-column elementor-field-group-name elementor-col-33 elementor-field-required elementor-mark-required\">\r\n\t\t\t\t\t<label for=\"form-field-name\" class=\"elementor-field-label\">Name and Surname<\/label><input size=\"1\" type=\"text\" name=\"form_fields[name]\" id=\"form-field-name\" class=\"elementor-field elementor-size-sm  elementor-field-textual\" required=\"required\" aria-required=\"true\">\t\t\t\t<\/div>\r\n\t\t\t\t\t\t\t\t<div class=\"elementor-field-type-tel elementor-field-group elementor-column elementor-field-group-email elementor-col-33 elementor-field-required elementor-mark-required\">\r\n\t\t\t\t\t<label for=\"form-field-email\" class=\"elementor-field-label\">Telephone Number<\/label><input size=\"1\" type=\"tel\" name=\"form_fields[email]\" id=\"form-field-email\" class=\"elementor-field elementor-size-sm  elementor-field-textual\" required=\"required\" aria-required=\"true\" pattern=\"[0-9()#&amp;+*-=.]+\" title=\"Only numbers and phone characters (#, -, *, etc) are accepted.\">\t\t\t\t<\/div>\r\n\t\t\t\t\t\t\t\t<div class=\"elementor-field-type-email elementor-field-group elementor-column elementor-field-group-message elementor-col-33 elementor-field-required elementor-mark-required\">\r\n\t\t\t\t\t<label for=\"form-field-message\" class=\"elementor-field-label\">E-mail Address<\/label><input size=\"1\" type=\"email\" name=\"form_fields[message]\" id=\"form-field-message\" class=\"elementor-field elementor-size-sm  elementor-field-textual\" required=\"required\" aria-required=\"true\">\t\t\t\t<\/div>\r\n\t\t\t\t\t\t\t\t<div class=\"elementor-field-type-select elementor-field-group elementor-column elementor-field-group-field_b74994b elementor-col-33 elementor-field-required elementor-mark-required\">\r\n\t\t\t\t\t<label for=\"form-field-field_b74994b\" class=\"elementor-field-label\">Position to Apply<\/label>\t\t<div class=\"elementor-field elementor-select-wrapper\">\r\n\t\t\t<select name=\"form_fields[field_b74994b]\" id=\"form-field-field_b74994b\" class=\"elementor-field-textual elementor-size-sm\" required=\"required\" aria-required=\"true\">\r\n\t\t\t\t<option value=\"\"><\/option><option value=\"Genel Ba\u015fvuru\">General Application<\/option><option value=\"Staj Ba\u015fvurusu\">Intern Application<\/option>\t\t\t<\/select>\r\n\t\t<\/div>\r\n\t\t\t\t\t\t<\/div>\r\n\t\t\t\t\t\t\t\t<div class=\"elementor-field-type-upload elementor-field-group elementor-column elementor-field-group-field_68cc63d elementor-col-20 elementor-field-required elementor-mark-required\">\r\n\t\t\t\t\t<label for=\"form-field-field_68cc63d\" class=\"elementor-field-label\">Add CV* (Max. 5MB)<\/label><input type=\"file\" name=\"form_fields[field_68cc63d]\" id=\"form-field-field_68cc63d\" class=\"elementor-field elementor-size-sm  elementor-upload-field\" required=\"required\" aria-required=\"true\" data-maxsize=\"5\" data-maxsize-message=\"This file exceeds the maximum allowed size.\">\t\t\t\t<\/div>\r\n\t\t\t\t\t\t\t\t<div class=\"elementor-field-type-acceptance elementor-field-group elementor-column elementor-field-group-field_c0c638b elementor-col-33 elementor-field-required elementor-mark-required\">\r\n\t\t\t\t\t<div class=\"elementor-field-subgroup\"><span class=\"elementor-field-option\"><input type=\"checkbox\" name=\"form_fields[field_c0c638b]\" id=\"form-field-field_c0c638b\" class=\"elementor-field elementor-size-sm  elementor-acceptance-field\" required=\"required\" aria-required=\"true\"> <label for=\"form-field-field_c0c638b\">I acknowledge the Terms & Conditions.<\/label><\/span><\/div>\t\t\t\t<\/div>\r\n\t\t\t\t\t\t\t\t<div class=\"elementor-field-group elementor-column elementor-field-type-submit elementor-col-20 e-form__buttons\">\r\n\t\t\t\t\t<button type=\"submit\" class=\"elementor-button elementor-size-sm\">\r\n\t\t\t\t\t\t<span >\r\n\t\t\t\t\t\t\t\t\t\t\t\t\t\t\t<span class=\"elementor-button-icon\">\r\n\t\t\t\t\t\t\t\t\t\t\t\t\t\t\t\t\t\t\t\t\t\t\t\t\t\t<\/span>\r\n\t\t\t\t\t\t\t\t\t\t\t\t\t\t\t\t\t\t\t\t\t\t<span class=\"elementor-button-text\">Send<\/span>\r\n\t\t\t\t\t\t\t\t\t\t\t\t\t<\/span>\r\n\t\t\t\t\t<\/button>\r\n\t\t\t\t<\/div>\r\n\t\t\t<\/div>\r\n\t\t<input type=\"hidden\" name=\"trp-form-language\" value=\"en\"\/><\/form>\r\n\t\t\t\t<\/div>\n\t\t\t\t<\/div>\n\t\t\t\t<div class=\"elementor-element elementor-element-118ae233 elementor-widget elementor-widget-toggle\" data-id=\"118ae233\" data-element_type=\"widget\" data-widget_type=\"toggle.default\">\n\t\t\t\t<div class=\"elementor-widget-container\">\n\t\t\t\t\t<div class=\"elementor-toggle\" role=\"tablist\">\n\t\t\t\t\t\t\t<div class=\"elementor-toggle-item\">\n\t\t\t\t\t<div id=\"elementor-tab-title-2941\" class=\"elementor-tab-title\" data-tab=\"1\" role=\"tab\" aria-controls=\"elementor-tab-content-2941\">\n\t\t\t\t\t\t\t\t\t\t\t\t<span class=\"elementor-toggle-icon elementor-toggle-icon-left\" aria-hidden=\"true\">\n\t\t\t\t\t\t\t\t\t\t\t\t\t\t\t<span class=\"elementor-toggle-icon-closed\"><i class=\"fas fa-caret-right\"><\/i><\/span>\n\t\t\t\t\t\t\t\t<span class=\"elementor-toggle-icon-opened\"><i class=\"elementor-toggle-icon-opened fas fa-caret-up\"><\/i><\/span>\n\t\t\t\t\t\t\t\t\t\t\t\t\t<\/span>\n\t\t\t\t\t\t\t\t\t\t\t\t<a href=\"\" class=\"elementor-toggle-title\">Terms & Conditions<\/a>\n\t\t\t\t\t<\/div>\n\t\t\t\t\t<div id=\"elementor-tab-content-2941\" class=\"elementor-tab-content elementor-clearfix\" data-tab=\"1\" role=\"tabpanel\" aria-labelledby=\"elementor-tab-title-2941\"><p>Within the scope of the Personal Data Protection Law No. 6698, which was published on the official gazette and enforced on 07 April 2016; our company -as the data controller- may record, process, store, classify, update and disclose to third parties according to legislation the personal data of you -our esteemed customers- in accordance with your explicit consent and approval as long as you remain as a member or visitor. By completing any data entry through the forms such as contact, feedback, subscription etc. on our website, you acknowledge that you give your explicit consent under the personal data protection law 6698.<\/p><p>Further to your explicit consent, the following data may be collected under the scope of your personal data;<\/p><p>1. Your name, surname, gender, date of birth, e-mail address, telephone and other contact details. <br \/>2. Information you communicate about your requests and complaints related with our products and services. <br \/>3. Your preferences or past experience about our products or services.<\/p><p>Your personal data may be used for the following purposes with your explicit consent or where they are allowed with any related legal regulations;<\/p><p>1. Offering special offers and services. <br \/>2. Creating database for reporting, listing and conducting analysis. Generating statistical data and sharing these data with the related specialized third parties where required as long as conditions of confidentiality are satisfied. <br \/>3. Communicating with you via the communication channels that you shared with us, through the service providers from whom services are received directly or for this purpose. <br \/>4. Introducing our services or the related products to you, continuing commercial communication with you for new products, exclusive offers and promotion. <br \/>5. Research and develop our products, services and related personal choice means.<\/p><\/div>\n\t\t\t\t<\/div>\n\t\t\t\t\t<\/div>\n\t\t\t\t<\/div>\n\t\t\t\t<\/div>\n\t\t\t\t\t\t<\/div>\n\t\t\t<\/div>\n\t\t<\/div>\n\t\t\t\t\t\t<\/div>\n\t\t\t<\/div>\n\t\t<\/section>\n\t\t\t\t<div class=\"elementor-element elementor-element-15e7e7b5 elementor-widget elementor-widget-spacer\" data-id=\"15e7e7b5\" data-element_type=\"widget\" data-widget_type=\"spacer.default\">\n\t\t\t\t<div class=\"elementor-widget-container\">\n\t\t\t\t\t<div class=\"elementor-spacer\">\n\t\t\t<div class=\"elementor-spacer-inner\"><\/div>\n\t\t<\/div>\n\t\t\t\t<\/div>\n\t\t\t\t<\/div>\n\t\t\t\t\t\t<\/div>\n\t\t\t<\/div>\n\t\t<\/div>\n\t\t\t\t\t\t<\/div>\n\t\t\t<\/div>\n\t\t<\/section>\n\t\t\t\t\t\t<\/div>\n\t\t\t<\/div>\n\t\t<\/div>","protected":false},"excerpt":{"rendered":"<p>\u0130nsan Kaynaklar\u0131 \u0130nsan Kaynaklar\u0131 Politikam\u0131z Kormetal\u2019in \u0130nsan Kaynaklar\u0131 Politikas\u0131; al\u00fcminyum d\u00f6k\u00fcm ve jant pazar\u0131ndaki konumunu geli\u015ftirerek s\u00fcrd\u00fcren, payda\u015flar\u0131n\u0131n beklentilerini kar\u015f\u0131layan, \u00e7al\u0131\u015fana de\u011fer veren, de\u011fi\u015fime a\u00e7\u0131k, \u00e7evreye, i\u015f sa\u011fl\u0131\u011f\u0131na ve g\u00fcvenli\u011fine duyarl\u0131, kalite standartlar\u0131na uyumlu, teknolojisini s\u00fcrekli geli\u015ftiren, \u00e7al\u0131\u015fanlar\u0131n\u0131n yarat\u0131c\u0131l\u0131\u011f\u0131ndan s\u00fcrekli g\u00fc\u00e7 alan, m\u00fc\u015fteri odakl\u0131 bir \u015firket olma yolunda, insan kaynaklar\u0131n\u0131 verimli bir \u015fekilde kullanmaktad\u0131r. \u015eirketimizde [&hellip;]<\/p>","protected":false},"author":1,"featured_media":0,"parent":0,"menu_order":0,"comment_status":"closed","ping_status":"closed","template":"","meta":[],"_links":{"self":[{"href":"https:\/\/kormetal.com\/en\/wp-json\/wp\/v2\/pages\/20"}],"collection":[{"href":"https:\/\/kormetal.com\/en\/wp-json\/wp\/v2\/pages"}],"about":[{"href":"https:\/\/kormetal.com\/en\/wp-json\/wp\/v2\/types\/page"}],"author":[{"embeddable":true,"href":"https:\/\/kormetal.com\/en\/wp-json\/wp\/v2\/users\/1"}],"replies":[{"embeddable":true,"href":"https:\/\/kormetal.com\/en\/wp-json\/wp\/v2\/comments?post=20"}],"version-history":[{"count":24,"href":"https:\/\/kormetal.com\/en\/wp-json\/wp\/v2\/pages\/20\/revisions"}],"predecessor-version":[{"id":641,"href":"https:\/\/kormetal.com\/en\/wp-json\/wp\/v2\/pages\/20\/revisions\/641"}],"wp:attachment":[{"href":"https:\/\/kormetal.com\/en\/wp-json\/wp\/v2\/media?parent=20"}],"curies":[{"name":"wp","href":"https:\/\/api.w.org\/{rel}","templated":true}]}}