{"id":15,"date":"2020-07-14T13:52:05","date_gmt":"2020-07-14T10:52:05","guid":{"rendered":"https:\/\/kormetal.com\/?page_id=15"},"modified":"2021-10-13T13:15:24","modified_gmt":"2021-10-13T10:15:24","slug":"politikalar","status":"publish","type":"page","link":"https:\/\/kormetal.com\/en\/politikalar\/","title":{"rendered":"Our Policies"},"content":{"rendered":"<div data-elementor-type=\"wp-page\" data-elementor-id=\"15\" class=\"elementor elementor-15\" data-elementor-settings=\"[]\">\n\t\t\t<div class=\"elementor-inner\">\n\t\t\t\t<div class=\"elementor-section-wrap\">\n\t\t\t\t\t\t\t<section data-particle_enable=\"false\" data-particle-mobile-disabled=\"false\" class=\"elementor-element elementor-element-fdea4a3 elementor-section-full_width elementor-section-height-min-height elementor-section-height-default elementor-section-items-middle elementor-section elementor-top-section\" data-id=\"fdea4a3\" data-element_type=\"section\" data-settings=\"{&quot;background_background&quot;:&quot;classic&quot;}\">\n\t\t\t\t\t\t<div class=\"elementor-container elementor-column-gap-default\">\n\t\t\t\t<div class=\"elementor-row\">\n\t\t\t\t<div class=\"elementor-element elementor-element-745c190c elementor-column elementor-col-100 elementor-top-column\" data-id=\"745c190c\" data-element_type=\"column\">\n\t\t\t<div class=\"elementor-column-wrap\">\n\t\t\t\t\t<div class=\"elementor-widget-wrap\">\n\t\t\t\t\t\t<\/div>\n\t\t\t<\/div>\n\t\t<\/div>\n\t\t\t\t\t\t<\/div>\n\t\t\t<\/div>\n\t\t<\/section>\n\t\t\t\t<section data-particle_enable=\"false\" data-particle-mobile-disabled=\"false\" class=\"elementor-element elementor-element-0b6d9dc elementor-section-full_width elementor-section-height-default elementor-section-height-default elementor-section elementor-top-section\" data-id=\"0b6d9dc\" data-element_type=\"section\" data-settings=\"{&quot;background_background&quot;:&quot;classic&quot;,&quot;background_motion_fx_motion_fx_mouse&quot;:&quot;yes&quot;,&quot;background_motion_fx_mouseTrack_effect&quot;:&quot;yes&quot;,&quot;background_motion_fx_mouseTrack_speed&quot;:{&quot;unit&quot;:&quot;px&quot;,&quot;size&quot;:1,&quot;sizes&quot;:[]}}\">\n\t\t\t\t\t\t<div class=\"elementor-container elementor-column-gap-default\">\n\t\t\t\t<div class=\"elementor-row\">\n\t\t\t\t<div class=\"elementor-element elementor-element-5dd960f elementor-column elementor-col-100 elementor-top-column\" data-id=\"5dd960f\" data-element_type=\"column\">\n\t\t\t<div class=\"elementor-column-wrap  elementor-element-populated\">\n\t\t\t\t\t<div class=\"elementor-widget-wrap\">\n\t\t\t\t<div class=\"elementor-element elementor-element-242a4fa elementor-widget elementor-widget-spacer\" data-id=\"242a4fa\" data-element_type=\"widget\" data-widget_type=\"spacer.default\">\n\t\t\t\t<div class=\"elementor-widget-container\">\n\t\t\t\t\t<div class=\"elementor-spacer\">\n\t\t\t<div class=\"elementor-spacer-inner\"><\/div>\n\t\t<\/div>\n\t\t\t\t<\/div>\n\t\t\t\t<\/div>\n\t\t\t\t<section data-particle_enable=\"false\" data-particle-mobile-disabled=\"false\" class=\"elementor-element elementor-element-bf669ce elementor-section-boxed elementor-section-height-default elementor-section-height-default elementor-section elementor-inner-section\" data-id=\"bf669ce\" data-element_type=\"section\">\n\t\t\t\t\t\t<div class=\"elementor-container elementor-column-gap-default\">\n\t\t\t\t<div class=\"elementor-row\">\n\t\t\t\t<div class=\"elementor-element elementor-element-344e655 elementor-column elementor-col-100 elementor-inner-column\" data-id=\"344e655\" data-element_type=\"column\">\n\t\t\t<div class=\"elementor-column-wrap  elementor-element-populated\">\n\t\t\t\t\t<div class=\"elementor-widget-wrap\">\n\t\t\t\t<div class=\"elementor-element elementor-element-bb88fa6 elementor-invisible elementor-widget elementor-widget-heading\" data-id=\"bb88fa6\" data-element_type=\"widget\" data-settings=\"{&quot;_animation&quot;:&quot;fadeInUp&quot;}\" data-widget_type=\"heading.default\">\n\t\t\t\t<div class=\"elementor-widget-container\">\n\t\t\t<h2 class=\"elementor-heading-title elementor-size-xxl\">Kormetal <span style=\"color: #e30613;\">Policies<\/span>\n<\/h2>\t\t<\/div>\n\t\t\t\t<\/div>\n\t\t\t\t<div class=\"elementor-element elementor-element-e69206d animated-slow elementor-invisible elementor-widget elementor-widget-divider\" data-id=\"e69206d\" data-element_type=\"widget\" data-settings=\"{&quot;_animation&quot;:&quot;fadeInUp&quot;,&quot;_animation_delay&quot;:300}\" data-widget_type=\"divider.default\">\n\t\t\t\t<div class=\"elementor-widget-container\">\n\t\t\t\t\t<div class=\"elementor-divider\">\n\t\t\t<span class=\"elementor-divider-separator\">\n\t\t\t\t\t\t<\/span>\n\t\t<\/div>\n\t\t\t\t<\/div>\n\t\t\t\t<\/div>\n\t\t\t\t<div class=\"elementor-element elementor-element-ddb212e animated-slow elementor-invisible elementor-widget elementor-widget-toggle\" data-id=\"ddb212e\" data-element_type=\"widget\" data-settings=\"{&quot;_animation&quot;:&quot;fadeInUp&quot;,&quot;_animation_delay&quot;:400}\" data-widget_type=\"toggle.default\">\n\t\t\t\t<div class=\"elementor-widget-container\">\n\t\t\t<style>.elementor-element-ddb212e{display:none !important}<\/style>\t\t<\/div>\n\t\t\t\t<\/div>\n\t\t\t\t<div class=\"elementor-element elementor-element-5737e93 animated-slow elementor-invisible elementor-widget elementor-widget-toggle\" data-id=\"5737e93\" data-element_type=\"widget\" data-settings=\"{&quot;_animation&quot;:&quot;fadeInUp&quot;,&quot;_animation_delay&quot;:400}\" data-widget_type=\"toggle.default\">\n\t\t\t\t<div class=\"elementor-widget-container\">\n\t\t\t\t\t<div class=\"elementor-toggle\" role=\"tablist\">\n\t\t\t\t\t\t\t<div class=\"elementor-toggle-item\">\n\t\t\t\t\t<div id=\"elementor-tab-title-9141\" class=\"elementor-tab-title\" data-tab=\"1\" role=\"tab\" aria-controls=\"elementor-tab-content-9141\">\n\t\t\t\t\t\t\t\t\t\t\t\t<span class=\"elementor-toggle-icon elementor-toggle-icon-right\" aria-hidden=\"true\">\n\t\t\t\t\t\t\t\t\t\t\t\t\t\t\t<span class=\"elementor-toggle-icon-closed\"><i class=\"fas fa-angle-down\"><\/i><\/span>\n\t\t\t\t\t\t\t\t<span class=\"elementor-toggle-icon-opened\"><i class=\"elementor-toggle-icon-opened fas fa-angle-up\"><\/i><\/span>\n\t\t\t\t\t\t\t\t\t\t\t\t\t<\/span>\n\t\t\t\t\t\t\t\t\t\t\t\t<a href=\"\" class=\"elementor-toggle-title\">Quality <span style=\"color: #e30613;\">Policy<\/span><\/a>\n\t\t\t\t\t<\/div>\n\t\t\t\t\t<div id=\"elementor-tab-content-9141\" class=\"elementor-tab-content elementor-clearfix\" data-tab=\"1\" role=\"tabpanel\" aria-labelledby=\"elementor-tab-title-9141\"><p>As Kormetal, our leading objective is to meet the expectation of our customers at the highest level. In this regard, while producing the orders at an international quality level, we never compromise from our principles of reasonable pricing and just in time delivery to the customers.<\/p><p>As Kormetal, our leading objective is to meet the expectation of our customers at the highest level. In this regard, while producing the orders at an international quality level, we never compromise from our principles of reasonable pricing and just in time delivery to the customers. In order to always maximize our quality, we improve the effectiveness and efficiency of our production processes through R&amp;D studies. Ensuring satisfaction of our customers, suppliers and employees who we consider as members of our family, as well as acting with integrity and reliability towards them are critical for us. We also do our best to create the worldwide perception with the quality of our products which we produce in this process that \u201cMade in Turkey\u201d is quality.<\/p><\/div>\n\t\t\t\t<\/div>\n\t\t\t\t\t\t\t<div class=\"elementor-toggle-item\">\n\t\t\t\t\t<div id=\"elementor-tab-title-9142\" class=\"elementor-tab-title\" data-tab=\"2\" role=\"tab\" aria-controls=\"elementor-tab-content-9142\">\n\t\t\t\t\t\t\t\t\t\t\t\t<span class=\"elementor-toggle-icon elementor-toggle-icon-right\" aria-hidden=\"true\">\n\t\t\t\t\t\t\t\t\t\t\t\t\t\t\t<span class=\"elementor-toggle-icon-closed\"><i class=\"fas fa-angle-down\"><\/i><\/span>\n\t\t\t\t\t\t\t\t<span class=\"elementor-toggle-icon-opened\"><i class=\"elementor-toggle-icon-opened fas fa-angle-up\"><\/i><\/span>\n\t\t\t\t\t\t\t\t\t\t\t\t\t<\/span>\n\t\t\t\t\t\t\t\t\t\t\t\t<a href=\"\" class=\"elementor-toggle-title\">Environment and Occupational Health and Safety <span style=\"color: #e30613;\">Policy<\/span><\/a>\n\t\t\t\t\t<\/div>\n\t\t\t\t\t<div id=\"elementor-tab-content-9142\" class=\"elementor-tab-content elementor-clearfix\" data-tab=\"2\" role=\"tabpanel\" aria-labelledby=\"elementor-tab-title-9142\"><p>As we build tomorrow with the lessons we learned yesterday, we are aware that natural resources are rapidly diminishing, and how important using correct resources is for our future. We fulfill our duty for a beautiful tomorrow by producing nature friendly products with a process which respects nature. Our priority in production always begins with our respect for people and the environment we live in.<\/p><p>This approach ensures that we Continuously review our production system for improvement; Fulfill legal liabilities and other requirements; Create a safe work place with zero accidents and no health issues through our high quality production principle; Efficiently use energy, raw materials and natural resources; Use latest technologies to prevent work accidents and environmental pollution; Prevent environmental pollution at the source, reduce our wastes and consumption of natural resources; Continue our relations with public institutions and organizations through collaboration with the supplier companies and other stakeholders on occupational health, safety and environment.<\/p><\/div>\n\t\t\t\t<\/div>\n\t\t\t\t\t\t\t<div class=\"elementor-toggle-item\">\n\t\t\t\t\t<div id=\"elementor-tab-title-9143\" class=\"elementor-tab-title\" data-tab=\"3\" role=\"tab\" aria-controls=\"elementor-tab-content-9143\">\n\t\t\t\t\t\t\t\t\t\t\t\t<span class=\"elementor-toggle-icon elementor-toggle-icon-right\" aria-hidden=\"true\">\n\t\t\t\t\t\t\t\t\t\t\t\t\t\t\t<span class=\"elementor-toggle-icon-closed\"><i class=\"fas fa-angle-down\"><\/i><\/span>\n\t\t\t\t\t\t\t\t<span class=\"elementor-toggle-icon-opened\"><i class=\"elementor-toggle-icon-opened fas fa-angle-up\"><\/i><\/span>\n\t\t\t\t\t\t\t\t\t\t\t\t\t<\/span>\n\t\t\t\t\t\t\t\t\t\t\t\t<a href=\"\" class=\"elementor-toggle-title\">Counterfeit Parts Prevention <span style=\"color: #e30613;\">Policy<\/span><\/a>\n\t\t\t\t\t<\/div>\n\t\t\t\t\t<div id=\"elementor-tab-content-9143\" class=\"elementor-tab-content elementor-clearfix\" data-tab=\"3\" role=\"tabpanel\" aria-labelledby=\"elementor-tab-title-9143\"><p>Kor Metal is committed to being a responsible corporate citizen and is opposed to human rights abuses.\u00a0 As part of that commitment, Kor Metal seeks to source products, components and materials from companies that share our values around human rights, ethics and environmental responsibility.<\/p><p>In August 2012, the U.S. Securities and Exchange Commission (\u201cSEC\u201d) adopted final rules implementing Section 1502 of the Dodd-Frank Wall Street Reform and Consumer Protection Act (the \u201cConflict Minerals Rule\u201d).\u00a0 Under these rules, publicly traded companies must annually report to the SEC whether the products they manufacture or contract to manufacture contain \u201cconflict minerals\u201d originating from the Democratic Republic of the Congo (the \u201cDRC\u201d) or adjoining countries.\u00a0 Revenue from the mining and transport of these conflict minerals is believed to be financing or benefiting groups that are responsible for human rights violations.\u00a0 &#8220;Conflict minerals&#8221; refers to columbite-tantalite (coltan), cassiterite, gold, wolframite and the derivatives tantalum, tin and tungsten, without regard to the location or origin of the minerals or derivative metals.<\/p><p>Kor Metal supports industry-wide efforts to identify, reduce and hopefully eliminate the use of conflict minerals originating from the DRC and adjoining countries to the extent believed to be financing or benefiting groups committing human rights violations.\u00a0 Kor Metal is committed to complying with any applicable requirements under the Conflict Minerals Rule and has implemented a due-diligence process to meet its obligations under the legislation.<\/p><p>Suppliers to Kor Metal are expected to establish their own conflict minerals policies, due diligence frameworks and management systems that are designed to prevent conflict minerals originating from the DRC or an adjoining country, to the extent that they benefit groups committing human rights violations, from being included in the products sold to Kor Metal.\u00a0 In the event Kor Metal determines that a supplier has failed to develop and implement reasonable steps to comply with this Policy, Kor Metal reserves the right to take appropriate actions, which may include discontinuing the business relationship with the supplier.<\/p><\/div>\n\t\t\t\t<\/div>\n\t\t\t\t\t\t\t<div class=\"elementor-toggle-item\">\n\t\t\t\t\t<div id=\"elementor-tab-title-9144\" class=\"elementor-tab-title\" data-tab=\"4\" role=\"tab\" aria-controls=\"elementor-tab-content-9144\">\n\t\t\t\t\t\t\t\t\t\t\t\t<span class=\"elementor-toggle-icon elementor-toggle-icon-right\" aria-hidden=\"true\">\n\t\t\t\t\t\t\t\t\t\t\t\t\t\t\t<span class=\"elementor-toggle-icon-closed\"><i class=\"fas fa-angle-down\"><\/i><\/span>\n\t\t\t\t\t\t\t\t<span class=\"elementor-toggle-icon-opened\"><i class=\"elementor-toggle-icon-opened fas fa-angle-up\"><\/i><\/span>\n\t\t\t\t\t\t\t\t\t\t\t\t\t<\/span>\n\t\t\t\t\t\t\t\t\t\t\t\t<a href=\"\" class=\"elementor-toggle-title\">Human Resources <span style=\"color: #e30613;\">Policy<\/span><\/a>\n\t\t\t\t\t<\/div>\n\t\t\t\t\t<div id=\"elementor-tab-content-9144\" class=\"elementor-tab-content elementor-clearfix\" data-tab=\"4\" role=\"tabpanel\" aria-labelledby=\"elementor-tab-title-9144\"><p>We are aware that a qualified employee is the most important merit for a company.<\/p><p>Accordingly, we support bright minds with dreams and desire for self-development as much as we can. We are preparing a more effective and competent work environment by instilling team spirit into every employee to ensure harmony in our work system, which operates like a perfect machine. We are analyzing the talents and competencies of our employees for efficient utilization of the \u201chuman resource\u201d by employing the right person for the right position.<\/p><\/div>\n\t\t\t\t<\/div>\n\t\t\t\t\t<\/div>\n\t\t\t\t<\/div>\n\t\t\t\t<\/div>\n\t\t\t\t\t\t<\/div>\n\t\t\t<\/div>\n\t\t<\/div>\n\t\t\t\t\t\t<\/div>\n\t\t\t<\/div>\n\t\t<\/section>\n\t\t\t\t<div class=\"elementor-element elementor-element-e807d70 elementor-widget elementor-widget-spacer\" data-id=\"e807d70\" data-element_type=\"widget\" data-widget_type=\"spacer.default\">\n\t\t\t\t<div class=\"elementor-widget-container\">\n\t\t\t\t\t<div class=\"elementor-spacer\">\n\t\t\t<div class=\"elementor-spacer-inner\"><\/div>\n\t\t<\/div>\n\t\t\t\t<\/div>\n\t\t\t\t<\/div>\n\t\t\t\t\t\t<\/div>\n\t\t\t<\/div>\n\t\t<\/div>\n\t\t\t\t\t\t<\/div>\n\t\t\t<\/div>\n\t\t<\/section>\n\t\t\t\t\t\t<\/div>\n\t\t\t<\/div>\n\t\t<\/div>","protected":false},"excerpt":{"rendered":"<p>Kormetal Politikalar\u0131 Kalite Politikas\u0131 Kormetal olarak, m\u00fc\u015fterilerimizin ihtiya\u00e7 ve beklentilerini en \u00fcst seviyede kar\u015f\u0131lamak, m\u00fc\u015fteri geri bildirimlerini kalitemizi art\u0131rmak i\u00e7in etkin bir \u015fekilde de\u011ferlendirmek, \u00fcr\u00fcnlerimizi tam zaman\u0131nda ula\u015ft\u0131rmak ve s\u00fcre\u00e7lerimizi s\u00fcrekli iyile\u015ftirmek en b\u00fcy\u00fck hedefimizdir. Bu hedefler do\u011frultusunda belirledi\u011fimiz politikalar\u0131m\u0131z: M\u00fc\u015fterilerimize zaman\u0131nda, g\u00fcvenilir kalitede, uygun pazar fiyat\u0131nda ekonomik \u00fcr\u00fcnler sunmak. Proseslerimizin etkinli\u011fini ve verimlili\u011fini s\u00fcrekli [&hellip;]<\/p>","protected":false},"author":1,"featured_media":0,"parent":0,"menu_order":0,"comment_status":"closed","ping_status":"closed","template":"","meta":[],"_links":{"self":[{"href":"https:\/\/kormetal.com\/en\/wp-json\/wp\/v2\/pages\/15"}],"collection":[{"href":"https:\/\/kormetal.com\/en\/wp-json\/wp\/v2\/pages"}],"about":[{"href":"https:\/\/kormetal.com\/en\/wp-json\/wp\/v2\/types\/page"}],"author":[{"embeddable":true,"href":"https:\/\/kormetal.com\/en\/wp-json\/wp\/v2\/users\/1"}],"replies":[{"embeddable":true,"href":"https:\/\/kormetal.com\/en\/wp-json\/wp\/v2\/comments?post=15"}],"version-history":[{"count":35,"href":"https:\/\/kormetal.com\/en\/wp-json\/wp\/v2\/pages\/15\/revisions"}],"predecessor-version":[{"id":670,"href":"https:\/\/kormetal.com\/en\/wp-json\/wp\/v2\/pages\/15\/revisions\/670"}],"wp:attachment":[{"href":"https:\/\/kormetal.com\/en\/wp-json\/wp\/v2\/media?parent=15"}],"curies":[{"name":"wp","href":"https:\/\/api.w.org\/{rel}","templated":true}]}}